{"id":36,"date":"2024-01-11T07:45:28","date_gmt":"2024-01-11T07:45:28","guid":{"rendered":"https:\/\/archi2.oceanthemes.site\/?page_id=36"},"modified":"2026-01-18T15:56:15","modified_gmt":"2026-01-18T15:56:15","slug":"about-us","status":"publish","type":"page","link":"https:\/\/archinvest.al\/sq\/about-us\/","title":{"rendered":"Rreth Nesh"},"content":{"rendered":"<div data-elementor-type=\"wp-page\" data-elementor-id=\"36\" class=\"elementor elementor-36\" data-elementor-post-type=\"page\">\n\t\t\t\t<div class=\"elementor-element elementor-element-da1373e e-con-full e-flex e-con e-parent\" data-id=\"da1373e\" data-element_type=\"container\" data-e-type=\"container\" data-settings=\"{&quot;background_background&quot;:&quot;classic&quot;}\">\n\t\t<div class=\"elementor-element elementor-element-f192762 e-con-full e-flex e-con e-child\" data-id=\"f192762\" data-element_type=\"container\" data-e-type=\"container\" data-settings=\"{&quot;background_background&quot;:&quot;classic&quot;}\">\n\t\t\t\t<\/div>\n\t\t<div class=\"elementor-element elementor-element-4f9116c e-con-full e-flex e-con e-child\" data-id=\"4f9116c\" data-element_type=\"container\" data-e-type=\"container\">\n\t\t<div class=\"elementor-element elementor-element-16c26f5 e-con-full e-flex e-con e-child\" data-id=\"16c26f5\" data-element_type=\"container\" data-e-type=\"container\">\n\t\t\t\t<div class=\"elementor-element elementor-element-aa2783e elementor-widget elementor-widget-heading\" data-id=\"aa2783e\" data-element_type=\"widget\" data-e-type=\"widget\" data-widget_type=\"heading.default\">\n\t\t\t\t\t<h2 class=\"elementor-heading-title elementor-size-default\">Arch-Invest Studio<\/h2>\t\t\t\t<\/div>\n\t\t\t\t<div class=\"elementor-element elementor-element-28243f2 elementor-widget elementor-widget-text-editor\" data-id=\"28243f2\" data-element_type=\"widget\" data-e-type=\"widget\" data-widget_type=\"text-editor.default\">\n\t\t\t\t\t\t\t\t\t<p data-start=\"122\" data-end=\"455\"><strong data-start=\"122\" data-end=\"144\">Arch-Invest Studio<\/strong> is an architecture, design, and consultancy practice based in Tirana, born from the desire to create spaces that go beyond function and become living experiences. We see architecture as a sensitive language that intertwines light, material, and landscape to create harmony between people and their environment.<\/p><p data-start=\"457\" data-end=\"779\">N\u00eb thelb t\u00eb \u00e7do projekti q\u00ebndron ideja e balanc\u00ebs \u2013 midis racionales dhe poetikes, midis natyr\u00ebs dhe struktur\u00ebs s\u00eb nd\u00ebrtuar, midis thjesht\u00ebsis\u00eb dhe ndjeshm\u00ebris\u00eb estetike. P\u00ebr ne, arkitektura nuk \u00ebsht\u00eb thjesht nj\u00eb proces teknik, por nj\u00eb akt krijues q\u00eb nis nga konteksti dhe p\u00ebrfundon tek p\u00ebrjetimi i njeriut brenda hap\u00ebsir\u00ebs.<\/p><p data-start=\"781\" data-end=\"1128\">Filozofia jon\u00eb bazohet n\u00eb minimaliz\u00ebm dhe autenticitet. P\u00ebrdorimi i materialeve natyrore si guri, druri dhe betoni n\u00eb tonalitete neutrale krijon nj\u00eb dialog t\u00eb qet\u00eb me natyr\u00ebn dhe nj\u00eb ndjesi p\u00ebrjet\u00ebsie n\u00eb \u00e7do projekt. Format e pastra, ndri\u00e7imi i menduar me kujdes dhe proporcionalitetet e mir\u00ebstudiuara i japin \u00e7do strukture nj\u00eb identitet t\u00eb ve\u00e7ant\u00eb, t\u00eb qet\u00eb dhe jet\u00ebgjat\u00eb.<\/p><p data-start=\"1130\" data-end=\"1561\">Arch-Invest Studio operon n\u00eb nj\u00eb gam\u00eb t\u00eb gjer\u00eb fushash: nga arkitektura dhe dizajni i brendsh\u00ebm te zhvillimet rezidenciale, t\u00eb mikpritjes dhe ato komerciale. N\u00eb \u00e7do rast, procesi yn\u00eb bazohet n\u00eb bashk\u00ebpunim, v\u00ebmendje ndaj detajeve dhe respekt ndaj kontekstit lokal. Ne punojm\u00eb ngusht\u00eb me klient\u00ebt p\u00ebr t\u00eb kuptuar nevojat, stilin e tyre t\u00eb jetes\u00ebs dhe ambiciet, duke i shnd\u00ebrruar ato n\u00eb zgjidhje t\u00eb personalizuara q\u00eb nd\u00ebrthurin funksionin me estetik\u00ebn.<\/p>\t\t\t\t\t\t\t\t<\/div>\n\t\t\t\t<\/div>\n\t\t\t\t<\/div>\n\t\t\t\t<\/div>\n\t\t<div class=\"elementor-element elementor-element-701a101 e-flex e-con-boxed e-con e-parent\" data-id=\"701a101\" data-element_type=\"container\" data-e-type=\"container\" data-settings=\"{&quot;background_background&quot;:&quot;classic&quot;}\">\n\t\t\t\t\t<div class=\"e-con-inner\">\n\t\t<div class=\"elementor-element elementor-element-c610c84 e-con-full e-flex e-con e-child\" data-id=\"c610c84\" data-element_type=\"container\" data-e-type=\"container\">\n\t\t\t\t<div class=\"elementor-element elementor-element-78e9759 elementor-widget elementor-widget-heading\" data-id=\"78e9759\" data-element_type=\"widget\" data-e-type=\"widget\" data-widget_type=\"heading.default\">\n\t\t\t\t\t<h2 class=\"elementor-heading-title elementor-size-default\">\u00c7far\u00eb Thon\u00eb Klient\u00ebt<\/h2>\t\t\t\t<\/div>\n\t\t\t\t<div class=\"elementor-element elementor-element-ddbe28c elementor-widget-divider--view-line_icon elementor-view-default elementor-widget-divider--element-align-center elementor-widget elementor-widget-divider\" data-id=\"ddbe28c\" data-element_type=\"widget\" data-e-type=\"widget\" data-widget_type=\"divider.default\">\n\t\t\t\t\t\t\t<div class=\"elementor-divider\">\n\t\t\t<span class=\"elementor-divider-separator\">\n\t\t\t\t\t\t\t<div class=\"elementor-icon elementor-divider__element\">\n\t\t\t\t\t<svg aria-hidden=\"true\" class=\"e-font-icon-svg e-fas-circle\" viewbox=\"0 0 512 512\" xmlns=\"http:\/\/www.w3.org\/2000\/svg\"><path d=\"M256 8C119 8 8 119 8 256s111 248 248 248 248-111 248-248S393 8 256 8z\"><\/path><\/svg><\/div>\n\t\t\t\t\t\t<\/span>\n\t\t<\/div>\n\t\t\t\t\t\t<\/div>\n\t\t\t\t<div class=\"elementor-element elementor-element-785f47b elementor-widget elementor-widget-spacer\" data-id=\"785f47b\" data-element_type=\"widget\" data-e-type=\"widget\" data-widget_type=\"spacer.default\">\n\t\t\t\t\t\t\t<div class=\"elementor-spacer\">\n\t\t\t<div class=\"elementor-spacer-inner\"><\/div>\n\t\t<\/div>\n\t\t\t\t\t\t<\/div>\n\t\t\t\t<\/div>\n\t\t\t\t<div class=\"elementor-element elementor-element-39e8f5f elementor-invisible elementor-widget elementor-widget-ot-testimonials-carousel\" data-id=\"39e8f5f\" data-element_type=\"widget\" data-e-type=\"widget\" data-settings=\"{&quot;_animation&quot;:&quot;fadeInUp&quot;}\" data-widget_type=\"ot-testimonials-carousel.default\">\n\t\t\t\t<div class=\"elementor-widget-container\">\n\t\t\t\t\t\r\n\t\t<div class=\"ot-carousel ot-testimonial-carousel\" data-slider_options=\"{&quot;slides_show_desktop&quot;:2,&quot;slides_show_laptop&quot;:2,&quot;slides_show_tablet_extra&quot;:2,&quot;slides_show_tablet&quot;:2,&quot;slides_show_mobile_extra&quot;:2,&quot;slides_show_mobile&quot;:1,&quot;margin_desktop&quot;:30,&quot;margin_laptop&quot;:30,&quot;margin_tablet_extra&quot;:30,&quot;margin_tablet&quot;:30,&quot;margin_mobile_extra&quot;:30,&quot;margin_mobile&quot;:30,&quot;autoplay&quot;:&quot;yes&quot;,&quot;autoplay_time_out&quot;:7000,&quot;fade&quot;:&quot;no&quot;,&quot;loop&quot;:&quot;yes&quot;,&quot;arrows&quot;:false,&quot;dots&quot;:true}\">\r\n\t\t\t<div class=\"owl-carousel owl-theme\">\r\n\r\n\t\t\t\t\t\t\t\t<div class=\"ot-testimonial-item\">\r\n\t\t\t\t\t<div class=\"ot-testimonial-wrap\">\r\n\t\t\t\t\t\t<div class=\"ot-testimonial__inner\">\r\n\t\t\t\t\t\t\t<blockquote class=\"icon\">\r\n\t\t\t\t\t\t\t\t<p class=\"blockquote-content\">Jam gjithmon\u00eb e impresionuar nga niveli i detajeve dhe profesionalizmit. Ekipi i tyre d\u00ebgjon me v\u00ebmendje dhe i shnd\u00ebrron idet\u00eb n\u00eb realitet me kujdes dhe precizion. \u00c7do hap ishte i qet\u00eb dhe i organizuar mir\u00eb, duke e b\u00ebr\u00eb gjith\u00eb eksperienc\u00ebn t\u00eb k\u00ebndshme dhe pa stres.<\/p>\r\n\t\t\t\t\t\t\t\t<div class=\"blockquote-meta\">\r\n\t\t\t\t\t\t\t\t\t\t\t\t\t\t\t\t\t\t<div class=\"info\">\r\n\t\t\t\t\t\t\t\t\t\t<h5 class=\"tname\"><\/h5>\r\n\t\t\t\t\t\t        \t\t\t\t\t\t\t\t\t\t\t<\/div>\r\n\t\t\t\t\t\t\t\t<\/div>\r\n\t\t\t\t\t\t\t<\/blockquote>\r\n\t\t\t        \t<\/div>\t\t\r\n\t\t\t\t    <\/div>\r\n\t\t\t\t<\/div>\r\n\t\t\t    \t\t\t\t<div class=\"ot-testimonial-item\">\r\n\t\t\t\t\t<div class=\"ot-testimonial-wrap\">\r\n\t\t\t\t\t\t<div class=\"ot-testimonial__inner\">\r\n\t\t\t\t\t\t\t<blockquote class=\"icon\">\r\n\t\t\t\t\t\t\t\t<p class=\"blockquote-content\">T\u00eb punosh me ta ka qen\u00eb nj\u00eb eksperienc\u00eb fantastike. Ata e kuptuan sakt\u00ebsisht at\u00eb q\u00eb kisha nevoj\u00eb dhe ofruan rezultate q\u00eb tejkaluan pritshm\u00ebrit\u00eb. Cil\u00ebsia, komunikimi dhe kreativiteti ishin t\u00eb jasht\u00ebzakonsh\u00ebm nga fillimi deri n\u00eb fund.<\/p>\r\n\t\t\t\t\t\t\t\t<div class=\"blockquote-meta\">\r\n\t\t\t\t\t\t\t\t\t\t\t\t\t\t\t\t\t\t<div class=\"info\">\r\n\t\t\t\t\t\t\t\t\t\t<h5 class=\"tname\"><\/h5>\r\n\t\t\t\t\t\t        \t\t\t\t\t\t\t\t\t\t\t<\/div>\r\n\t\t\t\t\t\t\t\t<\/div>\r\n\t\t\t\t\t\t\t<\/blockquote>\r\n\t\t\t        \t<\/div>\t\t\r\n\t\t\t\t    <\/div>\r\n\t\t\t\t<\/div>\r\n\t\t\t    \t\t\t\t<div class=\"ot-testimonial-item\">\r\n\t\t\t\t\t<div class=\"ot-testimonial-wrap\">\r\n\t\t\t\t\t\t<div class=\"ot-testimonial__inner\">\r\n\t\t\t\t\t\t\t<blockquote class=\"icon\">\r\n\t\t\t\t\t\t\t\t<p class=\"blockquote-content\">Sh\u00ebrbimi ishte i jasht\u00ebzakonsh\u00ebm. Ata m\u00eb udh\u00ebzuan gjat\u00eb gjith\u00eb procesit me durim dhe qart\u00ebsi, duke u siguruar q\u00eb \u00e7do detaj t\u00eb p\u00ebrputhej me vizionin tim. Rezultati p\u00ebrfundimtar ishte i bukur, funksional dhe i realizuar me mjesht\u00ebri mbres\u00ebl\u00ebn\u00ebse.<\/p>\r\n\t\t\t\t\t\t\t\t<div class=\"blockquote-meta\">\r\n\t\t\t\t\t\t\t\t\t\t\t\t\t\t\t\t\t\t<div class=\"info\">\r\n\t\t\t\t\t\t\t\t\t\t<h5 class=\"tname\"><\/h5>\r\n\t\t\t\t\t\t        \t\t\t\t\t\t\t\t\t\t\t<\/div>\r\n\t\t\t\t\t\t\t\t<\/div>\r\n\t\t\t\t\t\t\t<\/blockquote>\r\n\t\t\t        \t<\/div>\t\t\r\n\t\t\t\t    <\/div>\r\n\t\t\t\t<\/div>\r\n\t\t\t    \t\t\t\t<div class=\"ot-testimonial-item\">\r\n\t\t\t\t\t<div class=\"ot-testimonial-wrap\">\r\n\t\t\t\t\t\t<div class=\"ot-testimonial__inner\">\r\n\t\t\t\t\t\t\t<blockquote class=\"icon\">\r\n\t\t\t\t\t\t\t\t<p class=\"blockquote-content\">Jam jasht\u00ebzakonisht e k\u00ebnaqur me rezultatin. Ekipi i tyre kombinoi kreativitetin me ekspertiz\u00ebn teknike dhe e solli projektin tim n\u00eb jet\u00eb n\u00eb m\u00ebnyr\u00eb t\u00eb p\u00ebrsosur. \u00c7do gj\u00eb u menaxhua me profesionaliz\u00ebm dhe dizajni final doli edhe m\u00eb mir\u00eb sesa e kisha imagjinuar.<\/p>\r\n\t\t\t\t\t\t\t\t<div class=\"blockquote-meta\">\r\n\t\t\t\t\t\t\t\t\t\t\t\t\t\t\t\t\t\t<div class=\"info\">\r\n\t\t\t\t\t\t\t\t\t\t<h5 class=\"tname\"><\/h5>\r\n\t\t\t\t\t\t        \t\t\t\t\t\t\t\t\t\t\t<\/div>\r\n\t\t\t\t\t\t\t\t<\/div>\r\n\t\t\t\t\t\t\t<\/blockquote>\r\n\t\t\t        \t<\/div>\t\t\r\n\t\t\t\t    <\/div>\r\n\t\t\t\t<\/div>\r\n\t\t\t    \t\t\t<\/div>\r\n\t\t<\/div>\r\n\r\n\t    \t\t\t\t<\/div>\n\t\t\t\t<\/div>\n\t\t\t\t\t<\/div>\n\t\t\t\t<\/div>\n\t\t<div class=\"elementor-element elementor-element-df1bf56 e-flex e-con-boxed e-con e-parent\" data-id=\"df1bf56\" data-element_type=\"container\" data-e-type=\"container\" data-settings=\"{&quot;background_background&quot;:&quot;classic&quot;}\">\n\t\t\t\t\t<div class=\"e-con-inner\">\n\t\t\t\t<div class=\"elementor-element elementor-element-5e816d7 elementor-align-center elementor-widget elementor-widget-ot-btn\" data-id=\"5e816d7\" data-element_type=\"widget\" data-e-type=\"widget\" data-widget_type=\"ot-btn.default\">\n\t\t\t\t<div class=\"elementor-widget-container\">\n\t\t\t\t\t\t\t<div class=\"ot-button-wrapper\">\r\n\t\t\t<a href=\"\/sq\/contact-us\/\" class=\"octf-btn with-icon\">\r\n\t\t\t\tBisedoni Me Ne\t\t\t\t\t\t\t\t\t<svg aria-hidden=\"true\" class=\"e-font-icon-svg e-fas-chevron-right\" viewbox=\"0 0 320 512\" xmlns=\"http:\/\/www.w3.org\/2000\/svg\"><path d=\"M285.476 272.971L91.132 467.314c-9.373 9.373-24.569 9.373-33.941 0l-22.667-22.667c-9.357-9.357-9.375-24.522-.04-33.901L188.505 256 34.484 101.255c-9.335-9.379-9.317-24.544.04-33.901l22.667-22.667c9.373-9.373 24.569-9.373 33.941 0L285.475 239.03c9.373 9.372 9.373 24.568.001 33.941z\"><\/path><\/svg>\t\t\t\t\t\t\t<\/a>\r\n\t    <\/div>\r\n\t    \t\t\t\t<\/div>\n\t\t\t\t<\/div>\n\t\t\t\t\t<\/div>\n\t\t\t\t<\/div>\n\t\t\t\t<\/div>","protected":false},"excerpt":{"rendered":"<p>Arch-Invest Studio Arch-Invest Studio is an architecture, design, and consultancy practice based in Tirana, born from the desire to create spaces that go beyond function and become living experiences. We see architecture as a sensitive language that intertwines light, material, and landscape to create harmony between people and their environment. At the core of every [&hellip;]<\/p>\n","protected":false},"author":1,"featured_media":0,"parent":0,"menu_order":0,"comment_status":"closed","ping_status":"closed","template":"","meta":{"footnotes":""},"class_list":["post-36","page","type-page","status-publish","hentry"],"yoast_head":"<!-- This site is optimized with the Yoast SEO plugin v27.2 - https:\/\/yoast.com\/product\/yoast-seo-wordpress\/ -->\n<title>Rreth Nesh | Arch-Invest Studio - Studio Arkitekture &amp; Dizajni<\/title>\n<meta name=\"description\" content=\"Arch-Invest Studio \u00ebsht\u00eb nj\u00eb studio arkitekture n\u00eb Tiran\u00eb e specializuar n\u00eb arkitektur\u00eb, dizajn interieri, planifikim dhe zhvillim projektesh\" \/>\n<meta name=\"robots\" content=\"index, follow, max-snippet:-1, max-image-preview:large, max-video-preview:-1\" \/>\n<link rel=\"canonical\" href=\"https:\/\/archinvest.al\/sq\/about-us\/\" \/>\n<meta property=\"og:locale\" content=\"sq_AL\" \/>\n<meta property=\"og:type\" content=\"article\" \/>\n<meta property=\"og:title\" content=\"Rreth Nesh | Arch-Invest Studio - Studio Arkitekture &amp; Dizajni\" \/>\n<meta property=\"og:description\" content=\"Arch-Invest Studio \u00ebsht\u00eb nj\u00eb studio arkitekture n\u00eb Tiran\u00eb e specializuar n\u00eb arkitektur\u00eb, dizajn interieri, planifikim dhe zhvillim projektesh\" \/>\n<meta property=\"og:url\" content=\"https:\/\/archinvest.al\/sq\/about-us\/\" \/>\n<meta property=\"og:site_name\" content=\"archinvest.al\" \/>\n<meta property=\"article:publisher\" content=\"https:\/\/www.facebook.com\/p\/Arch-Invest-Studio-100066720163261\/\" \/>\n<meta property=\"article:modified_time\" content=\"2026-01-18T15:56:15+00:00\" \/>\n<meta name=\"twitter:card\" content=\"summary_large_image\" \/>\n<meta name=\"twitter:label1\" content=\"Est. reading time\" \/>\n\t<meta name=\"twitter:data1\" content=\"1 minut\u00eb\" \/>\n<script type=\"application\/ld+json\" class=\"yoast-schema-graph\">{\"@context\":\"https:\/\/schema.org\",\"@graph\":[{\"@type\":\"WebPage\",\"@id\":\"https:\/\/archinvest.al\/about-us\/\",\"url\":\"https:\/\/archinvest.al\/about-us\/\",\"name\":\"Rreth Nesh | Arch-Invest Studio - Studio Arkitekture & Dizajni\",\"isPartOf\":{\"@id\":\"https:\/\/archinvest.al\/#website\"},\"datePublished\":\"2024-01-11T07:45:28+00:00\",\"dateModified\":\"2026-01-18T15:56:15+00:00\",\"description\":\"Arch-Invest Studio \u00ebsht\u00eb nj\u00eb studio arkitekture n\u00eb Tiran\u00eb e specializuar n\u00eb arkitektur\u00eb, dizajn interieri, planifikim dhe zhvillim projektesh\",\"breadcrumb\":{\"@id\":\"https:\/\/archinvest.al\/about-us\/#breadcrumb\"},\"inLanguage\":\"sq\",\"potentialAction\":[{\"@type\":\"ReadAction\",\"target\":[\"https:\/\/archinvest.al\/about-us\/\"]}]},{\"@type\":\"BreadcrumbList\",\"@id\":\"https:\/\/archinvest.al\/about-us\/#breadcrumb\",\"itemListElement\":[{\"@type\":\"ListItem\",\"position\":1,\"name\":\"Home\",\"item\":\"https:\/\/archinvest.al\/\"},{\"@type\":\"ListItem\",\"position\":2,\"name\":\"About Us\"}]},{\"@type\":\"WebSite\",\"@id\":\"https:\/\/archinvest.al\/#website\",\"url\":\"https:\/\/archinvest.al\/\",\"name\":\"archinvest.al\",\"description\":\"Architecure | Design | Consulting\",\"publisher\":{\"@id\":\"https:\/\/archinvest.al\/#organization\"},\"potentialAction\":[{\"@type\":\"SearchAction\",\"target\":{\"@type\":\"EntryPoint\",\"urlTemplate\":\"https:\/\/archinvest.al\/?s={search_term_string}\"},\"query-input\":{\"@type\":\"PropertyValueSpecification\",\"valueRequired\":true,\"valueName\":\"search_term_string\"}}],\"inLanguage\":\"sq\"},{\"@type\":\"Organization\",\"@id\":\"https:\/\/archinvest.al\/#organization\",\"name\":\"ArchInvest\",\"url\":\"https:\/\/archinvest.al\/\",\"logo\":{\"@type\":\"ImageObject\",\"inLanguage\":\"sq\",\"@id\":\"https:\/\/archinvest.al\/#\/schema\/logo\/image\/\",\"url\":\"https:\/\/archinvest.al\/wp-content\/uploads\/2024\/01\/Archinvest-10-scaled-e1763494913491.png\",\"contentUrl\":\"https:\/\/archinvest.al\/wp-content\/uploads\/2024\/01\/Archinvest-10-scaled-e1763494913491.png\",\"width\":540,\"height\":197,\"caption\":\"ArchInvest\"},\"image\":{\"@id\":\"https:\/\/archinvest.al\/#\/schema\/logo\/image\/\"},\"sameAs\":[\"https:\/\/www.facebook.com\/p\/Arch-Invest-Studio-100066720163261\/\",\"https:\/\/www.instagram.com\/archinvest_studio\/?hl=en\"]}]}<\/script>\n<!-- \/ Yoast SEO plugin. -->","yoast_head_json":{"title":"Rreth Nesh | Arch-Invest Studio - Studio Arkitekture & Dizajni","description":"Arch-Invest Studio \u00ebsht\u00eb nj\u00eb studio arkitekture n\u00eb Tiran\u00eb e specializuar n\u00eb arkitektur\u00eb, dizajn interieri, planifikim dhe zhvillim projektesh","robots":{"index":"index","follow":"follow","max-snippet":"max-snippet:-1","max-image-preview":"max-image-preview:large","max-video-preview":"max-video-preview:-1"},"canonical":"https:\/\/archinvest.al\/sq\/about-us\/","og_locale":"sq_AL","og_type":"article","og_title":"Rreth Nesh | Arch-Invest Studio - Studio Arkitekture & Dizajni","og_description":"Arch-Invest Studio \u00ebsht\u00eb nj\u00eb studio arkitekture n\u00eb Tiran\u00eb e specializuar n\u00eb arkitektur\u00eb, dizajn interieri, planifikim dhe zhvillim projektesh","og_url":"https:\/\/archinvest.al\/sq\/about-us\/","og_site_name":"archinvest.al","article_publisher":"https:\/\/www.facebook.com\/p\/Arch-Invest-Studio-100066720163261\/","article_modified_time":"2026-01-18T15:56:15+00:00","twitter_card":"summary_large_image","twitter_misc":{"Est. reading time":"1 minut\u00eb"},"schema":{"@context":"https:\/\/schema.org","@graph":[{"@type":"WebPage","@id":"https:\/\/archinvest.al\/about-us\/","url":"https:\/\/archinvest.al\/about-us\/","name":"Rreth Nesh | Arch-Invest Studio - Studio Arkitekture & Dizajni","isPartOf":{"@id":"https:\/\/archinvest.al\/#website"},"datePublished":"2024-01-11T07:45:28+00:00","dateModified":"2026-01-18T15:56:15+00:00","description":"Arch-Invest Studio \u00ebsht\u00eb nj\u00eb studio arkitekture n\u00eb Tiran\u00eb e specializuar n\u00eb arkitektur\u00eb, dizajn interieri, planifikim dhe zhvillim projektesh","breadcrumb":{"@id":"https:\/\/archinvest.al\/about-us\/#breadcrumb"},"inLanguage":"sq","potentialAction":[{"@type":"ReadAction","target":["https:\/\/archinvest.al\/about-us\/"]}]},{"@type":"BreadcrumbList","@id":"https:\/\/archinvest.al\/about-us\/#breadcrumb","itemListElement":[{"@type":"ListItem","position":1,"name":"Home","item":"https:\/\/archinvest.al\/"},{"@type":"ListItem","position":2,"name":"About Us"}]},{"@type":"WebSite","@id":"https:\/\/archinvest.al\/#website","url":"https:\/\/archinvest.al\/","name":"archinvest.al","description":"Architecure | Design | Consulting","publisher":{"@id":"https:\/\/archinvest.al\/#organization"},"potentialAction":[{"@type":"SearchAction","target":{"@type":"EntryPoint","urlTemplate":"https:\/\/archinvest.al\/?s={search_term_string}"},"query-input":{"@type":"PropertyValueSpecification","valueRequired":true,"valueName":"search_term_string"}}],"inLanguage":"sq"},{"@type":"Organization","@id":"https:\/\/archinvest.al\/#organization","name":"ArchInvest","url":"https:\/\/archinvest.al\/","logo":{"@type":"ImageObject","inLanguage":"sq","@id":"https:\/\/archinvest.al\/#\/schema\/logo\/image\/","url":"https:\/\/archinvest.al\/wp-content\/uploads\/2024\/01\/Archinvest-10-scaled-e1763494913491.png","contentUrl":"https:\/\/archinvest.al\/wp-content\/uploads\/2024\/01\/Archinvest-10-scaled-e1763494913491.png","width":540,"height":197,"caption":"ArchInvest"},"image":{"@id":"https:\/\/archinvest.al\/#\/schema\/logo\/image\/"},"sameAs":["https:\/\/www.facebook.com\/p\/Arch-Invest-Studio-100066720163261\/","https:\/\/www.instagram.com\/archinvest_studio\/?hl=en"]}]}},"_links":{"self":[{"href":"https:\/\/archinvest.al\/sq\/wp-json\/wp\/v2\/pages\/36","targetHints":{"allow":["GET"]}}],"collection":[{"href":"https:\/\/archinvest.al\/sq\/wp-json\/wp\/v2\/pages"}],"about":[{"href":"https:\/\/archinvest.al\/sq\/wp-json\/wp\/v2\/types\/page"}],"author":[{"embeddable":true,"href":"https:\/\/archinvest.al\/sq\/wp-json\/wp\/v2\/users\/1"}],"replies":[{"embeddable":true,"href":"https:\/\/archinvest.al\/sq\/wp-json\/wp\/v2\/comments?post=36"}],"version-history":[{"count":21,"href":"https:\/\/archinvest.al\/sq\/wp-json\/wp\/v2\/pages\/36\/revisions"}],"predecessor-version":[{"id":5633,"href":"https:\/\/archinvest.al\/sq\/wp-json\/wp\/v2\/pages\/36\/revisions\/5633"}],"wp:attachment":[{"href":"https:\/\/archinvest.al\/sq\/wp-json\/wp\/v2\/media?parent=36"}],"curies":[{"name":"wp","href":"https:\/\/api.w.org\/{rel}","templated":true}]}}