{"id":74,"date":"2024-01-11T08:17:33","date_gmt":"2024-01-11T08:17:33","guid":{"rendered":"https:\/\/archi2.oceanthemes.site\/?page_id=74"},"modified":"2026-01-18T16:00:46","modified_gmt":"2026-01-18T16:00:46","slug":"contact-us","status":"publish","type":"page","link":"https:\/\/archinvest.al\/sq\/contact-us\/","title":{"rendered":"Na Kontaktoni"},"content":{"rendered":"<div data-elementor-type=\"wp-page\" data-elementor-id=\"74\" class=\"elementor elementor-74\" data-elementor-post-type=\"page\">\n\t\t\t\t<div class=\"elementor-element elementor-element-95e03cd e-con-full e-flex e-con e-parent\" data-id=\"95e03cd\" data-element_type=\"container\" data-e-type=\"container\">\n\t\t\t\t<div class=\"elementor-element elementor-element-efcd86c elementor-widget elementor-widget-google_maps\" data-id=\"efcd86c\" data-element_type=\"widget\" data-e-type=\"widget\" data-widget_type=\"google_maps.default\">\n\t\t\t\t\t\t\t<div class=\"elementor-custom-embed\">\n\t\t\t<iframe loading=\"lazy\"\n\t\t\t\t\tsrc=\"https:\/\/maps.google.com\/maps?q=Rr.%20Shyqyri%20Brari%2C%20Tirana%2C%20Albania%201020&#038;t=m&#038;z=16&#038;output=embed&#038;iwloc=near\"\n\t\t\t\t\ttitle=\"Rr. Shyqyri Brari, Tirana, Albania 1020\"\n\t\t\t\t\taria-label=\"Rr. Shyqyri Brari, Tirana, Albania 1020\"\n\t\t\t><\/iframe>\n\t\t<\/div>\n\t\t\t\t\t\t<\/div>\n\t\t\t\t<\/div>\n\t\t<div class=\"elementor-element elementor-element-c25a128 e-flex e-con-boxed e-con e-parent\" data-id=\"c25a128\" data-element_type=\"container\" data-e-type=\"container\" data-settings=\"{&quot;background_background&quot;:&quot;classic&quot;}\">\n\t\t\t\t\t<div class=\"e-con-inner\">\n\t\t<div class=\"elementor-element elementor-element-9771d4d e-con-full e-flex e-con e-child\" data-id=\"9771d4d\" data-element_type=\"container\" data-e-type=\"container\">\n\t\t\t\t<div class=\"elementor-element elementor-element-f5a983b elementor-widget elementor-widget-heading\" data-id=\"f5a983b\" data-element_type=\"widget\" data-e-type=\"widget\" data-widget_type=\"heading.default\">\n\t\t\t\t\t<h3 class=\"elementor-heading-title elementor-size-default\">Contact Info<\/h3>\t\t\t\t<\/div>\n\t\t<div class=\"elementor-element elementor-element-7294fe2 e-flex e-con-boxed e-con e-child\" data-id=\"7294fe2\" data-element_type=\"container\" data-e-type=\"container\">\n\t\t\t\t\t<div class=\"e-con-inner\">\n\t\t\t\t<div class=\"elementor-element elementor-element-9d53f83 elementor-widget__width-initial elementor-widget elementor-widget-heading\" data-id=\"9d53f83\" data-element_type=\"widget\" data-e-type=\"widget\" data-widget_type=\"heading.default\">\n\t\t\t\t\t<span class=\"elementor-heading-title elementor-size-default\">Adresa:<\/span>\t\t\t\t<\/div>\n\t\t\t\t<div class=\"elementor-element elementor-element-8fdee4c elementor-widget elementor-widget-text-editor\" data-id=\"8fdee4c\" data-element_type=\"widget\" data-e-type=\"widget\" data-widget_type=\"text-editor.default\">\n\t\t\t\t\t\t\t\t\t<p>Rr. Shyqyri Brari, Tirana, Albania 1020<\/p>\t\t\t\t\t\t\t\t<\/div>\n\t\t\t\t\t<\/div>\n\t\t\t\t<\/div>\n\t\t<div class=\"elementor-element elementor-element-393d7e5 e-flex e-con-boxed e-con e-child\" data-id=\"393d7e5\" data-element_type=\"container\" data-e-type=\"container\">\n\t\t\t\t\t<div class=\"e-con-inner\">\n\t\t\t\t<div class=\"elementor-element elementor-element-d3556ac elementor-widget__width-initial elementor-widget elementor-widget-heading\" data-id=\"d3556ac\" data-element_type=\"widget\" data-e-type=\"widget\" data-widget_type=\"heading.default\">\n\t\t\t\t\t<span class=\"elementor-heading-title elementor-size-default\">Telefon:<\/span>\t\t\t\t<\/div>\n\t\t\t\t<div class=\"elementor-element elementor-element-67192b1 elementor-widget elementor-widget-text-editor\" data-id=\"67192b1\" data-element_type=\"widget\" data-e-type=\"widget\" data-widget_type=\"text-editor.default\">\n\t\t\t\t\t\t\t\t\t<p><a href=\"tel:+355 69 72 069 07\">+355 69 72 069 07<\/a><\/p>\t\t\t\t\t\t\t\t<\/div>\n\t\t\t\t\t<\/div>\n\t\t\t\t<\/div>\n\t\t<div class=\"elementor-element elementor-element-f64cb5e e-flex e-con-boxed e-con e-child\" data-id=\"f64cb5e\" data-element_type=\"container\" data-e-type=\"container\">\n\t\t\t\t\t<div class=\"e-con-inner\">\n\t\t\t\t<div class=\"elementor-element elementor-element-bc8bdfa elementor-widget__width-initial elementor-widget elementor-widget-heading\" data-id=\"bc8bdfa\" data-element_type=\"widget\" data-e-type=\"widget\" data-widget_type=\"heading.default\">\n\t\t\t\t\t<span class=\"elementor-heading-title elementor-size-default\">Email:<\/span>\t\t\t\t<\/div>\n\t\t\t\t<div class=\"elementor-element elementor-element-da62b12 elementor-widget elementor-widget-text-editor\" data-id=\"da62b12\" data-element_type=\"widget\" data-e-type=\"widget\" data-widget_type=\"text-editor.default\">\n\t\t\t\t\t\t\t\t\t<p><a href=\"mailto:archinvest.studio@gmail.com\">archinvest.studio@gmail.com<\/a><\/p>\t\t\t\t\t\t\t\t<\/div>\n\t\t\t\t\t<\/div>\n\t\t\t\t<\/div>\n\t\t<div class=\"elementor-element elementor-element-32b7bbe e-flex e-con-boxed e-con e-child\" data-id=\"32b7bbe\" data-element_type=\"container\" data-e-type=\"container\">\n\t\t\t\t\t<div class=\"e-con-inner\">\n\t\t\t\t<div class=\"elementor-element elementor-element-b37a87f elementor-widget__width-initial elementor-widget elementor-widget-heading\" data-id=\"b37a87f\" data-element_type=\"widget\" data-e-type=\"widget\" data-widget_type=\"heading.default\">\n\t\t\t\t\t<span class=\"elementor-heading-title elementor-size-default\">Hapur:<\/span>\t\t\t\t<\/div>\n\t\t\t\t<div class=\"elementor-element elementor-element-27f63f4 elementor-widget elementor-widget-text-editor\" data-id=\"27f63f4\" data-element_type=\"widget\" data-e-type=\"widget\" data-widget_type=\"text-editor.default\">\n\t\t\t\t\t\t\t\t\tE Diel \u2013 E Premte 08:00 \u2013 18:00\t\t\t\t\t\t\t\t<\/div>\n\t\t\t\t\t<\/div>\n\t\t\t\t<\/div>\n\t\t\t\t<\/div>\n\t\t\t\t\t<\/div>\n\t\t\t\t<\/div>\n\t\t\t\t<\/div>","protected":false},"excerpt":{"rendered":"<p>Contact Info Address: Rr. Shyqyri Brari, Tirana, Albania 1020 Phone: +355 69 72 069 07 Email: archinvest.studio@gmail.com Open: Sunday &#8211; Friday 08:00 &#8211; 18:00<\/p>","protected":false},"author":1,"featured_media":0,"parent":0,"menu_order":0,"comment_status":"closed","ping_status":"closed","template":"","meta":{"footnotes":""},"class_list":["post-74","page","type-page","status-publish","hentry"],"yoast_head":"<!-- This site is optimized with the Yoast SEO plugin v27.2 - https:\/\/yoast.com\/product\/yoast-seo-wordpress\/ -->\n<title>Na Kontaktoni | Arch-Invest Studio \u2013 Studio Arkitekture n\u00eb Tiran\u00eb<\/title>\n<meta name=\"description\" content=\"Kontaktoni Arch-Invest Studio p\u00ebr sh\u00ebrbime profesionale arkitekture dhe dizajni n\u00eb Tiran\u00eb. Na shkruani ose na telefononi p\u00ebr konsult\u00eb.\" \/>\n<meta name=\"robots\" content=\"index, follow, max-snippet:-1, max-image-preview:large, max-video-preview:-1\" \/>\n<link rel=\"canonical\" href=\"https:\/\/archinvest.al\/sq\/contact-us\/\" \/>\n<meta property=\"og:locale\" content=\"sq_AL\" \/>\n<meta property=\"og:type\" content=\"article\" \/>\n<meta property=\"og:title\" content=\"Na Kontaktoni | Arch-Invest Studio \u2013 Studio Arkitekture n\u00eb Tiran\u00eb\" \/>\n<meta property=\"og:description\" content=\"Kontaktoni Arch-Invest Studio p\u00ebr sh\u00ebrbime profesionale arkitekture dhe dizajni n\u00eb Tiran\u00eb. Na shkruani ose na telefononi p\u00ebr konsult\u00eb.\" \/>\n<meta property=\"og:url\" content=\"https:\/\/archinvest.al\/sq\/contact-us\/\" \/>\n<meta property=\"og:site_name\" content=\"archinvest.al\" \/>\n<meta property=\"article:publisher\" content=\"https:\/\/www.facebook.com\/p\/Arch-Invest-Studio-100066720163261\/\" \/>\n<meta property=\"article:modified_time\" content=\"2026-01-18T16:00:46+00:00\" \/>\n<meta name=\"twitter:card\" content=\"summary_large_image\" \/>\n<meta name=\"twitter:label1\" content=\"Est. reading time\" \/>\n\t<meta name=\"twitter:data1\" content=\"1 minut\u00eb\" \/>\n<script type=\"application\/ld+json\" class=\"yoast-schema-graph\">{\"@context\":\"https:\/\/schema.org\",\"@graph\":[{\"@type\":\"WebPage\",\"@id\":\"https:\/\/archinvest.al\/contact-us\/\",\"url\":\"https:\/\/archinvest.al\/contact-us\/\",\"name\":\"Na Kontaktoni | Arch-Invest Studio \u2013 Studio Arkitekture n\u00eb Tiran\u00eb\",\"isPartOf\":{\"@id\":\"https:\/\/archinvest.al\/#website\"},\"datePublished\":\"2024-01-11T08:17:33+00:00\",\"dateModified\":\"2026-01-18T16:00:46+00:00\",\"description\":\"Kontaktoni Arch-Invest Studio p\u00ebr sh\u00ebrbime profesionale arkitekture dhe dizajni n\u00eb Tiran\u00eb. Na shkruani ose na telefononi p\u00ebr konsult\u00eb.\",\"breadcrumb\":{\"@id\":\"https:\/\/archinvest.al\/contact-us\/#breadcrumb\"},\"inLanguage\":\"sq\",\"potentialAction\":[{\"@type\":\"ReadAction\",\"target\":[\"https:\/\/archinvest.al\/contact-us\/\"]}]},{\"@type\":\"BreadcrumbList\",\"@id\":\"https:\/\/archinvest.al\/contact-us\/#breadcrumb\",\"itemListElement\":[{\"@type\":\"ListItem\",\"position\":1,\"name\":\"Home\",\"item\":\"https:\/\/archinvest.al\/\"},{\"@type\":\"ListItem\",\"position\":2,\"name\":\"Contact Us\"}]},{\"@type\":\"WebSite\",\"@id\":\"https:\/\/archinvest.al\/#website\",\"url\":\"https:\/\/archinvest.al\/\",\"name\":\"archinvest.al\",\"description\":\"Architecure | Design | Consulting\",\"publisher\":{\"@id\":\"https:\/\/archinvest.al\/#organization\"},\"potentialAction\":[{\"@type\":\"SearchAction\",\"target\":{\"@type\":\"EntryPoint\",\"urlTemplate\":\"https:\/\/archinvest.al\/?s={search_term_string}\"},\"query-input\":{\"@type\":\"PropertyValueSpecification\",\"valueRequired\":true,\"valueName\":\"search_term_string\"}}],\"inLanguage\":\"sq\"},{\"@type\":\"Organization\",\"@id\":\"https:\/\/archinvest.al\/#organization\",\"name\":\"ArchInvest\",\"url\":\"https:\/\/archinvest.al\/\",\"logo\":{\"@type\":\"ImageObject\",\"inLanguage\":\"sq\",\"@id\":\"https:\/\/archinvest.al\/#\/schema\/logo\/image\/\",\"url\":\"https:\/\/archinvest.al\/wp-content\/uploads\/2024\/01\/Archinvest-10-scaled-e1763494913491.png\",\"contentUrl\":\"https:\/\/archinvest.al\/wp-content\/uploads\/2024\/01\/Archinvest-10-scaled-e1763494913491.png\",\"width\":540,\"height\":197,\"caption\":\"ArchInvest\"},\"image\":{\"@id\":\"https:\/\/archinvest.al\/#\/schema\/logo\/image\/\"},\"sameAs\":[\"https:\/\/www.facebook.com\/p\/Arch-Invest-Studio-100066720163261\/\",\"https:\/\/www.instagram.com\/archinvest_studio\/?hl=en\"]}]}<\/script>\n<!-- \/ Yoast SEO plugin. -->","yoast_head_json":{"title":"Na Kontaktoni | Arch-Invest Studio \u2013 Studio Arkitekture n\u00eb Tiran\u00eb","description":"Kontaktoni Arch-Invest Studio p\u00ebr sh\u00ebrbime profesionale arkitekture dhe dizajni n\u00eb Tiran\u00eb. Na shkruani ose na telefononi p\u00ebr konsult\u00eb.","robots":{"index":"index","follow":"follow","max-snippet":"max-snippet:-1","max-image-preview":"max-image-preview:large","max-video-preview":"max-video-preview:-1"},"canonical":"https:\/\/archinvest.al\/sq\/contact-us\/","og_locale":"sq_AL","og_type":"article","og_title":"Na Kontaktoni | Arch-Invest Studio \u2013 Studio Arkitekture n\u00eb Tiran\u00eb","og_description":"Kontaktoni Arch-Invest Studio p\u00ebr sh\u00ebrbime profesionale arkitekture dhe dizajni n\u00eb Tiran\u00eb. Na shkruani ose na telefononi p\u00ebr konsult\u00eb.","og_url":"https:\/\/archinvest.al\/sq\/contact-us\/","og_site_name":"archinvest.al","article_publisher":"https:\/\/www.facebook.com\/p\/Arch-Invest-Studio-100066720163261\/","article_modified_time":"2026-01-18T16:00:46+00:00","twitter_card":"summary_large_image","twitter_misc":{"Est. reading time":"1 minut\u00eb"},"schema":{"@context":"https:\/\/schema.org","@graph":[{"@type":"WebPage","@id":"https:\/\/archinvest.al\/contact-us\/","url":"https:\/\/archinvest.al\/contact-us\/","name":"Na Kontaktoni | Arch-Invest Studio \u2013 Studio Arkitekture n\u00eb Tiran\u00eb","isPartOf":{"@id":"https:\/\/archinvest.al\/#website"},"datePublished":"2024-01-11T08:17:33+00:00","dateModified":"2026-01-18T16:00:46+00:00","description":"Kontaktoni Arch-Invest Studio p\u00ebr sh\u00ebrbime profesionale arkitekture dhe dizajni n\u00eb Tiran\u00eb. Na shkruani ose na telefononi p\u00ebr konsult\u00eb.","breadcrumb":{"@id":"https:\/\/archinvest.al\/contact-us\/#breadcrumb"},"inLanguage":"sq","potentialAction":[{"@type":"ReadAction","target":["https:\/\/archinvest.al\/contact-us\/"]}]},{"@type":"BreadcrumbList","@id":"https:\/\/archinvest.al\/contact-us\/#breadcrumb","itemListElement":[{"@type":"ListItem","position":1,"name":"Home","item":"https:\/\/archinvest.al\/"},{"@type":"ListItem","position":2,"name":"Contact Us"}]},{"@type":"WebSite","@id":"https:\/\/archinvest.al\/#website","url":"https:\/\/archinvest.al\/","name":"archinvest.al","description":"Architecure | Design | Consulting","publisher":{"@id":"https:\/\/archinvest.al\/#organization"},"potentialAction":[{"@type":"SearchAction","target":{"@type":"EntryPoint","urlTemplate":"https:\/\/archinvest.al\/?s={search_term_string}"},"query-input":{"@type":"PropertyValueSpecification","valueRequired":true,"valueName":"search_term_string"}}],"inLanguage":"sq"},{"@type":"Organization","@id":"https:\/\/archinvest.al\/#organization","name":"ArchInvest","url":"https:\/\/archinvest.al\/","logo":{"@type":"ImageObject","inLanguage":"sq","@id":"https:\/\/archinvest.al\/#\/schema\/logo\/image\/","url":"https:\/\/archinvest.al\/wp-content\/uploads\/2024\/01\/Archinvest-10-scaled-e1763494913491.png","contentUrl":"https:\/\/archinvest.al\/wp-content\/uploads\/2024\/01\/Archinvest-10-scaled-e1763494913491.png","width":540,"height":197,"caption":"ArchInvest"},"image":{"@id":"https:\/\/archinvest.al\/#\/schema\/logo\/image\/"},"sameAs":["https:\/\/www.facebook.com\/p\/Arch-Invest-Studio-100066720163261\/","https:\/\/www.instagram.com\/archinvest_studio\/?hl=en"]}]}},"_links":{"self":[{"href":"https:\/\/archinvest.al\/sq\/wp-json\/wp\/v2\/pages\/74","targetHints":{"allow":["GET"]}}],"collection":[{"href":"https:\/\/archinvest.al\/sq\/wp-json\/wp\/v2\/pages"}],"about":[{"href":"https:\/\/archinvest.al\/sq\/wp-json\/wp\/v2\/types\/page"}],"author":[{"embeddable":true,"href":"https:\/\/archinvest.al\/sq\/wp-json\/wp\/v2\/users\/1"}],"replies":[{"embeddable":true,"href":"https:\/\/archinvest.al\/sq\/wp-json\/wp\/v2\/comments?post=74"}],"version-history":[{"count":9,"href":"https:\/\/archinvest.al\/sq\/wp-json\/wp\/v2\/pages\/74\/revisions"}],"predecessor-version":[{"id":5655,"href":"https:\/\/archinvest.al\/sq\/wp-json\/wp\/v2\/pages\/74\/revisions\/5655"}],"wp:attachment":[{"href":"https:\/\/archinvest.al\/sq\/wp-json\/wp\/v2\/media?parent=74"}],"curies":[{"name":"wp","href":"https:\/\/api.w.org\/{rel}","templated":true}]}}